{"id":2,"date":"2007-06-22T20:35:29","date_gmt":"2007-06-22T18:35:29","guid":{"rendered":""},"modified":"2007-06-30T12:22:37","modified_gmt":"2007-06-30T10:22:37","slug":"about","status":"publish","type":"page","link":"http:\/\/www.deichrand.de\/?page_id=2","title":{"rendered":"Impressum"},"content":{"rendered":"<p><strong>F\u00c3\u00bcr: deichrand.de<\/strong><\/p>\n<p>Gem\u00c3\u00a4\u00c3\u0178 \u00c2\u00a7 28 BDSG widerspreche ich jeder kommerziellen Verwendung und Weitergabe meiner Daten. <\/p>\n<p><strong>Verantwortungsbereich: <\/strong><br \/>\nDas Impressum gilt nur f\u00c3\u00bcr die Internetpr\u00c3\u00a4senz unter der Adresse: www.deichrand.net<br \/>\nVerantwortliche Ansprechperson: <\/p>\n<p>Carsten Lenz<br \/>\nAnschrift:<br \/>\nIlenbrook 12, 21107 Hamburg<br \/>\nelektronische Postadresse:<br \/>\nclenz @ gmx.net<br \/>\nJournalistisch-redaktionelle Verantwortung:<br \/>\nCarsten Lenz <\/p>\n<p><strong>Urheberschutz und Nutzung<\/strong><\/p>\n<p>\u00e2\u20ac\u00a8Der Urheber r\u00c3\u00a4umt Ihnen ganz konkret das Nutzungsrecht ein, sich eine private Kopie f\u00c3\u00bcr pers\u00c3\u00b6nliche Zwecke anzufertigen. Nicht berechtigt sind Sie dagegen, die Materialien zu ver\u00c3\u00a4ndern und \/oder weiter zu geben oder gar selbst zu ver\u00c3\u00b6ffentlichen. \u00e2\u20ac\u00a8Wenn nicht ausdr\u00c3\u00bccklich anders vermerkt, liegen die Urheberrechte f\u00c3\u00bcr Texte bei: Carsten Lenz<br \/>\nDatenschutz Personenbezogene Daten werden nur mit Ihrem Wissen und Ihrer Einwilligung erhoben. Auf Antrag erhalten Sie unentgeltlich Auskunft zu den \u00c3\u00bcber Sie gespeicherten personenbezogenen Daten. Wenden Sie sich dazu bitte an: clenz @ gmx.net<br \/>\nKeine Haftung: Die Inhalte dieses Webprojektes wurden sorgf\u00c3\u00a4ltig gepr\u00c3\u00bcft und nach bestem Wissen erstellt. Aber f\u00c3\u00bcr die hier dargebotenen Informationen wird kein Anspruch auf Vollst\u00c3\u00a4ndigkeit, Aktualit\u00c3\u00a4t, Qualit\u00c3\u00a4t und Richtigkeit erhoben. Es kann keine Verantwortung f\u00c3\u00bcr Sch\u00c3\u00a4den \u00c3\u00bcbernommen werden, die durch das Vertrauen auf die Inhalte dieser Website oder deren Gebrauch entstehen.<br \/>\nSchutzrechtsverletzung: Falls Sie vermuten, dass von dieser Website aus eines Ihrer Schutzrechte verletzt wird, teilen Sie das bitte umgehend per elektronischer Post mit, damit z\u00c3\u00bcgig Abhilfe geschafft werden kann. Bitte nehmen Sie zur Kenntnis: Die zeitaufw\u00c3\u00a4ndigere Einschaltung eines Anwaltes zur f\u00c3\u00bcr den Diensteanbieter kostenpflichtigen Abmahnung entspricht nicht dessen wirklichen oder mutma\u00c3\u0178lichen Willen.<\/p>\n","protected":false},"excerpt":{"rendered":"<p>F\u00c3\u00bcr: deichrand.de Gem\u00c3\u00a4\u00c3\u0178 \u00c2\u00a7 28 BDSG widerspreche ich jeder kommerziellen Verwendung und Weitergabe meiner Daten. Verantwortungsbereich: Das Impressum gilt nur f\u00c3\u00bcr die Internetpr\u00c3\u00a4senz unter der Adresse: www.deichrand.net Verantwortliche Ansprechperson: Carsten Lenz Anschrift: Ilenbrook 12, 21107 Hamburg elektronische Postadresse: clenz @ gmx.net Journalistisch-redaktionelle Verantwortung: Carsten Lenz Urheberschutz und Nutzung \u00e2\u20ac\u00a8Der Urheber r\u00c3\u00a4umt Ihnen ganz konkret das [&hellip;]<\/p>\n","protected":false},"author":1,"featured_media":0,"parent":0,"menu_order":0,"comment_status":"closed","ping_status":"closed","template":"","meta":[],"_links":{"self":[{"href":"http:\/\/www.deichrand.de\/index.php?rest_route=\/wp\/v2\/pages\/2"}],"collection":[{"href":"http:\/\/www.deichrand.de\/index.php?rest_route=\/wp\/v2\/pages"}],"about":[{"href":"http:\/\/www.deichrand.de\/index.php?rest_route=\/wp\/v2\/types\/page"}],"author":[{"embeddable":true,"href":"http:\/\/www.deichrand.de\/index.php?rest_route=\/wp\/v2\/users\/1"}],"replies":[{"embeddable":true,"href":"http:\/\/www.deichrand.de\/index.php?rest_route=%2Fwp%2Fv2%2Fcomments&post=2"}],"version-history":[{"count":0,"href":"http:\/\/www.deichrand.de\/index.php?rest_route=\/wp\/v2\/pages\/2\/revisions"}],"wp:attachment":[{"href":"http:\/\/www.deichrand.de\/index.php?rest_route=%2Fwp%2Fv2%2Fmedia&parent=2"}],"curies":[{"name":"wp","href":"https:\/\/api.w.org\/{rel}","templated":true}]}}